{"id":2160,"date":"2019-03-23T12:13:08","date_gmt":"2019-03-23T12:13:08","guid":{"rendered":"http:\/\/localhost\/arzot-demo\/?page_id=2160"},"modified":"2025-10-11T06:08:47","modified_gmt":"2025-10-11T06:08:47","slug":"about-me","status":"publish","type":"page","link":"https:\/\/jfb-consulting.fr\/?page_id=2160","title":{"rendered":"About Me"},"content":{"rendered":"\t\t<div data-elementor-type=\"wp-post\" data-elementor-id=\"2160\" class=\"elementor elementor-2160\">\n\t\t\t\t\t\t<section class=\"elementor-section elementor-top-section elementor-element elementor-element-261fcaf elementor-section-boxed elementor-section-height-default elementor-section-height-default\" data-id=\"261fcaf\" data-element_type=\"section\">\n\t\t\t\t\t\t<div class=\"elementor-container elementor-column-gap-default\">\n\t\t\t\t\t<div class=\"elementor-column elementor-col-100 elementor-top-column elementor-element elementor-element-4a47aa4\" data-id=\"4a47aa4\" data-element_type=\"column\">\n\t\t\t<div class=\"elementor-widget-wrap\">\n\t\t\t\t\t\t\t<\/div>\n\t\t<\/div>\n\t\t\t\t\t<\/div>\n\t\t<\/section>\n\t\t\t\t<section class=\"elementor-section elementor-top-section elementor-element elementor-element-1dc14bb elementor-section-boxed elementor-section-height-default elementor-section-height-default\" data-id=\"1dc14bb\" data-element_type=\"section\">\n\t\t\t\t\t\t<div class=\"elementor-container elementor-column-gap-default\">\n\t\t\t\t\t<div class=\"elementor-column elementor-col-100 elementor-top-column elementor-element elementor-element-c06328f\" data-id=\"c06328f\" data-element_type=\"column\">\n\t\t\t<div class=\"elementor-widget-wrap\">\n\t\t\t\t\t\t\t<\/div>\n\t\t<\/div>\n\t\t\t\t\t<\/div>\n\t\t<\/section>\n\t\t\t\t<section class=\"elementor-section elementor-top-section elementor-element elementor-element-ab2e8e8 elementor-section-boxed elementor-section-height-default elementor-section-height-default\" data-id=\"ab2e8e8\" data-element_type=\"section\">\n\t\t\t\t\t\t<div class=\"elementor-container elementor-column-gap-default\">\n\t\t\t\t\t<div class=\"elementor-column elementor-col-100 elementor-top-column elementor-element elementor-element-4af864e\" data-id=\"4af864e\" data-element_type=\"column\">\n\t\t\t<div class=\"elementor-widget-wrap elementor-element-populated\">\n\t\t\t\t\t\t<div class=\"elementor-element elementor-element-1bef9c4 elementor-widget elementor-widget-arzot-service\" data-id=\"1bef9c4\" data-element_type=\"widget\" data-widget_type=\"arzot-service.default\">\n\t\t\t\t<div class=\"elementor-widget-container\">\n\t\t\t\r\n        <div class=\"theme-ribbon-content\">\r\n          <div class=\"my-services mb-80\">\r\n            <h4 class=\"inner-title\">Les services que je propose actuellement <\/h4>\r\n            <div class=\"row\">\r\n                            <div class=\"col-md-6 col-sm-6 col-12\" >\r\n                <div class=\"single-service-block shadow-box  hover-white-text \" style=\" background-image: url(&#039;http:\/\/jfb-consulting.fr\/wp-content\/uploads\/2023\/02\/cahier-des-charges-095030.jpg&#039;); background-position: center bottom; background-size: cover; \">\r\n                  <h4 class=\"pcr-service-loop-heading\"> <span class=\"top\">\r\n                    <i aria-hidden=\"true\" class=\"fa fa-pencil\"><\/i>                    <\/span> Audit- Conception - R\u00e9daction de cahiers des charges <\/h4>\r\n                  <div class=\"text\"><\/div>\r\n                <\/div>\r\n                <!-- \/.single-service-block --> \r\n              <\/div>\r\n                            <div class=\"col-md-6 col-sm-6 col-12\" >\r\n                <div class=\"single-service-block shadow-box  hover-white-text \" style=\" background-image: url(&#039;http:\/\/jfb-consulting.fr\/wp-content\/uploads\/2023\/02\/tests.jpg&#039;); background-position: center bottom; background-size: cover; \">\r\n                  <h4 class=\"pcr-service-loop-heading\"> <span class=\"top\">\r\n                    <i aria-hidden=\"true\" class=\"fa fa-line-chart\"><\/i>                    <\/span> Gestion de projet - Organisation recette - R\u00e9alisation recette <\/h4>\r\n                  <div class=\"text\"><\/div>\r\n                <\/div>\r\n                <!-- \/.single-service-block --> \r\n              <\/div>\r\n                            <div class=\"col-md-6 col-sm-6 col-12\" >\r\n                <div class=\"single-service-block shadow-box  hover-white-text \" style=\" background-image: url(&#039;http:\/\/jfb-consulting.fr\/wp-content\/uploads\/2023\/02\/Formation-des-utilisateurs-un-processus-complexe.jpg&#039;); background-position: center bottom; background-size: cover; \">\r\n                  <h4 class=\"pcr-service-loop-heading\"> <span class=\"top\">\r\n                    <i aria-hidden=\"true\" class=\"fa fa-users\"><\/i>                    <\/span> Formation des utilisateurs <\/h4>\r\n                  <div class=\"text\"><\/div>\r\n                <\/div>\r\n                <!-- \/.single-service-block --> \r\n              <\/div>\r\n                            <div class=\"col-md-6 col-sm-6 col-12\" >\r\n                <div class=\"single-service-block shadow-box  hover-white-text \" style=\" background-image: url(&#039;http:\/\/jfb-consulting.fr\/wp-content\/uploads\/2023\/02\/database-schema-1895779_960_720-300x262-1.png&#039;); background-position: center bottom; background-size: cover; \">\r\n                  <h4 class=\"pcr-service-loop-heading\"> <span class=\"top\">\r\n                    <i aria-hidden=\"true\" class=\"fa fa-database\"><\/i>                    <\/span> Analyse de donn\u00e9es - Reprise de donn\u00e9es <\/h4>\r\n                  <div class=\"text\"><\/div>\r\n                <\/div>\r\n                <!-- \/.single-service-block --> \r\n              <\/div>\r\n                                        <\/div>\r\n          <\/div>\r\n          <!-- \/.row --> \r\n          <div class=\"clearfix\"><\/div>\r\n        <\/div>\r\n      \r\n        \r\n\t\t<\/div>\n\t\t\t\t<\/div>\n\t\t\t\t<div data-eael-wrapper-link=\"{&quot;url&quot;:&quot;https:\\\/\\\/jfb-consulting.fr\\\/?page_id=13179&quot;,&quot;is_external&quot;:&quot;&quot;,&quot;nofollow&quot;:&quot;&quot;}\" class=\"elementor-element elementor-element-db3156e elementor-widget__width-initial elementor-widget elementor-widget-arzot-service\" data-id=\"db3156e\" data-element_type=\"widget\" data-widget_type=\"arzot-service.default\">\n\t\t\t\t<div class=\"elementor-widget-container\">\n\t\t\t\r\n        <div class=\"theme-ribbon-content\">\r\n          <div class=\"my-services mb-80\">\r\n            <h4 class=\"inner-title\"><\/h4>\r\n            <div class=\"row\">\r\n                            <div class=\"col-md-6 col-sm-6 col-12\" >\r\n                <div class=\"single-service-block shadow-box  hover-white-text \" style=\" background-image: url(&#039;http:\/\/jfb-consulting.fr\/wp-content\/uploads\/2025\/10\/7774568-infirmiere-personnes-icones-vectoriel.jpg&#039;); background-position: center bottom; background-size: cover; \">\r\n                  <h4 class=\"pcr-service-loop-heading\"> <span class=\"top\">\r\n                    <i aria-hidden=\"true\" class=\"fa fa-calendar\"><\/i>                    <\/span> Planning infirmi\u00e8res (priv\u00e9) <\/h4>\r\n                  <div class=\"text\"><\/div>\r\n                <\/div>\r\n                <!-- \/.single-service-block --> \r\n              <\/div>\r\n                                        <\/div>\r\n          <\/div>\r\n          <!-- \/.row --> \r\n          <div class=\"clearfix\"><\/div>\r\n        <\/div>\r\n      \r\n        \r\n\t\t<\/div>\n\t\t\t\t<\/div>\n\t\t\t\t<div data-eael-wrapper-link=\"{&quot;url&quot;:&quot;https:\\\/\\\/jfb-consulting.fr\\\/?page_id=13233&quot;,&quot;is_external&quot;:&quot;&quot;,&quot;nofollow&quot;:&quot;&quot;}\" class=\"elementor-element elementor-element-0154cca elementor-widget__width-initial elementor-widget elementor-widget-arzot-service\" data-id=\"0154cca\" data-element_type=\"widget\" data-widget_type=\"arzot-service.default\">\n\t\t\t\t<div class=\"elementor-widget-container\">\n\t\t\t\r\n        <div class=\"theme-ribbon-content\">\r\n          <div class=\"my-services mb-80\">\r\n            <h4 class=\"inner-title\"><\/h4>\r\n            <div class=\"row\">\r\n                            <div class=\"col-md-6 col-sm-6 col-12\" >\r\n                <div class=\"single-service-block shadow-box  hover-white-text \" style=\" background-image: url(&#039;http:\/\/jfb-consulting.fr\/wp-content\/uploads\/2025\/10\/paris-sportif.webp&#039;); background-position: center bottom; background-size: cover; \">\r\n                  <h4 class=\"pcr-service-loop-heading\"> <span class=\"top\">\r\n                    <i aria-hidden=\"true\" class=\"fa fa-dollar\"><\/i>                    <\/span> Outils paris sportifs (priv\u00e9) <\/h4>\r\n                  <div class=\"text\"><\/div>\r\n                <\/div>\r\n                <!-- \/.single-service-block --> \r\n              <\/div>\r\n                                        <\/div>\r\n          <\/div>\r\n          <!-- \/.row --> \r\n          <div class=\"clearfix\"><\/div>\r\n        <\/div>\r\n      \r\n        \r\n\t\t<\/div>\n\t\t\t\t<\/div>\n\t\t\t\t\t<\/div>\n\t\t<\/div>\n\t\t\t\t\t<\/div>\n\t\t<\/section>\n\t\t\t\t<\/div>\n\t\t","protected":false},"excerpt":{"rendered":"<p>Les services que je propose actuellement Audit- Conception &#8211; R\u00e9daction de cahiers des charges Gestion de projet &#8211; Organisation recette &#8211; R\u00e9alisation recette Formation des utilisateurs Analyse de donn\u00e9es &#8211; Reprise de donn\u00e9es Planning infirmi\u00e8res (priv\u00e9) Outils paris sportifs (priv\u00e9)<\/p>\n<div class=\"more-link\">\n\t\t\t\t\t <a href=\"https:\/\/jfb-consulting.fr\/?page_id=2160\" class=\"link-btn theme-btn\"><span>Read More <\/span> <i class=\"fa fa-caret-right\"><\/i><\/a>\n\t\t\t\t<\/div>\n","protected":false},"author":1,"featured_media":0,"parent":0,"menu_order":0,"comment_status":"closed","ping_status":"closed","template":"elementor_header_footer","meta":{"om_disable_all_campaigns":false,"_monsterinsights_skip_tracking":false,"_monsterinsights_sitenote_active":false,"_monsterinsights_sitenote_note":"","_monsterinsights_sitenote_category":0,"footnotes":""},"class_list":["post-2160","page","type-page","status-publish","hentry"],"aioseo_notices":[],"_links":{"self":[{"href":"https:\/\/jfb-consulting.fr\/index.php?rest_route=\/wp\/v2\/pages\/2160","targetHints":{"allow":["GET"]}}],"collection":[{"href":"https:\/\/jfb-consulting.fr\/index.php?rest_route=\/wp\/v2\/pages"}],"about":[{"href":"https:\/\/jfb-consulting.fr\/index.php?rest_route=\/wp\/v2\/types\/page"}],"author":[{"embeddable":true,"href":"https:\/\/jfb-consulting.fr\/index.php?rest_route=\/wp\/v2\/users\/1"}],"replies":[{"embeddable":true,"href":"https:\/\/jfb-consulting.fr\/index.php?rest_route=%2Fwp%2Fv2%2Fcomments&post=2160"}],"version-history":[{"count":163,"href":"https:\/\/jfb-consulting.fr\/index.php?rest_route=\/wp\/v2\/pages\/2160\/revisions"}],"predecessor-version":[{"id":13379,"href":"https:\/\/jfb-consulting.fr\/index.php?rest_route=\/wp\/v2\/pages\/2160\/revisions\/13379"}],"wp:attachment":[{"href":"https:\/\/jfb-consulting.fr\/index.php?rest_route=%2Fwp%2Fv2%2Fmedia&parent=2160"}],"curies":[{"name":"wp","href":"https:\/\/api.w.org\/{rel}","templated":true}]}}